{"id":16,"date":"2021-08-06T10:31:12","date_gmt":"2021-08-06T08:31:12","guid":{"rendered":"http:\/\/talentflow.pl\/?page_id=16"},"modified":"2026-01-10T19:47:48","modified_gmt":"2026-01-10T18:47:48","slug":"oferty","status":"publish","type":"page","link":"https:\/\/talentflow.pl\/en\/oferty\/","title":{"rendered":"Oferty"},"content":{"rendered":"<div data-elementor-type=\"wp-page\" data-elementor-id=\"16\" class=\"elementor elementor-16\">\n\t\t\t\t\t\t\t\t\t<section class=\"elementor-section elementor-top-section elementor-element elementor-element-0ff6e99 elementor-section-boxed elementor-section-height-default elementor-section-height-default\" data-id=\"0ff6e99\" data-element_type=\"section\">\n\t\t\t\t\t\t<div class=\"elementor-container elementor-column-gap-default\">\n\t\t\t\t\t<div class=\"elementor-column elementor-col-100 elementor-top-column elementor-element elementor-element-a632257\" data-id=\"a632257\" data-element_type=\"column\">\n\t\t\t<div class=\"elementor-widget-wrap elementor-element-populated\">\n\t\t\t\t\t\t\t\t<div class=\"elementor-element elementor-element-bd8dafe elementor-widget elementor-widget-html\" data-id=\"bd8dafe\" data-element_type=\"widget\" data-widget_type=\"html.default\">\n\t\t\t\t<div class=\"elementor-widget-container\">\n\t\t\t<div class=\"tf-jobs-stack-baza\">\r\n    <div class=\"tf-wave-under\">\r\n        <svg viewbox=\"0 0 1200 120\" preserveaspectratio=\"none\">\r\n            <path d=\"M321.39,56.44c58-10.79,114.16-30.13,172-41.86,82.39-16.72,168.19-17.73,250.45-.39C823.78,31,906.67,72,985.66,92.83c70.05,18.48,146.53,26.09,214.34,3V120H0V0C49.1,1.5,103.14,14.7,158,28.08,213.27,41.57,268.16,53.25,321.39,56.44Z\"><\/path>\r\n        <\/svg>\r\n    <\/div>\r\n\r\n    <div class=\"tf-box-over\">\r\n        <h1>Job opportunities<\/h1>\r\n        <p>Find the best deal for you.<\/p>\r\n    <\/div>\r\n<\/div>\r\n\r\n<style>\r\n\/* KONTENER G\u0141\u00d3WNY *\/\r\n.tf-jobs-stack-baza {\r\n    position: relative !important;\r\n    width: 100vw !important;\r\n    height: 600px !important;\r\n    left: 50% !important;\r\n    transform: translateX(-50%) !important;\r\n    \r\n    \/* TWOJE NOWE ZDJ\u0118CIE BAZOWE *\/\r\n    background-image: url('https:\/\/talentflow.pl\/wp-content\/uploads\/2026\/01\/zdjecie-baza-scaled.jpg') !important;\r\n    background-size: cover !important;\r\n    \r\n    \/* KADROWANIE: center (poziom) 25% (pion od g\u00f3ry) *\/\r\n    \/* Je\u015bli chcesz podnie\u015b\u0107 zdj\u0119cie wy\u017cej, zmie\u0144 25% na np. 15% *\/\r\n    background-position: center 25% !important;\r\n    \r\n    overflow: hidden !important;\r\n    display: flex !important;\r\n    justify-content: flex-end !important; \/* Box po prawej *\/\r\n    align-items: flex-end !important;    \/* Box na dole *\/\r\n}\r\n\r\n\/* BIA\u0141A FALKA - WARSTWA POD SPODEM *\/\r\n.tf-wave-under {\r\n    position: absolute !important;\r\n    bottom: -1px !important;\r\n    left: 0 !important;\r\n    width: 100% !important;\r\n    height: 150px !important;\r\n    z-index: 1 !important; \/* Pod boksem *\/\r\n    line-height: 0 !important;\r\n}\r\n\r\n.tf-wave-under svg {\r\n    display: block !important;\r\n    width: 100% !important;\r\n    height: 100% !important;\r\n    fill: #ffffff !important;\r\n}\r\n\r\n\/* ZIELONY BOX - NA WIERZCHU *\/\r\n.tf-box-over {\r\n    position: relative !important;\r\n    background-color: rgba(38, 70, 63, 0.9) !important;\r\n    color: #ffffff !important;\r\n    padding: 60px 80px !important;\r\n    width: 58% !important;\r\n    max-width: 850px !important;\r\n    z-index: 10 !important; \/* Nad falk\u0105 *\/\r\n    font-family: 'Montserrat', sans-serif !important;\r\n    \r\n    \/* POZYCJA BOXA *\/\r\n    margin-bottom: 30px !important; \r\n    margin-right: 0 !important;\r\n}\r\n\r\n.tf-box-over h1 {\r\n    font-size: 42px !important;\r\n    font-weight: 700 !important;\r\n    margin: 0 0 15px 0 !important;\r\n    color: #ffffff !important;\r\n    line-height: 1.1 !important;\r\n}\r\n\r\n.tf-box-over p {\r\n    font-size: 22px !important;\r\n    font-weight: 300 !important;\r\n    margin: 0 !important;\r\n    color: #ffffff !important;\r\n}\r\n\r\n\/* MOBILE *\/\r\n@media (max-width: 768px) {\r\n    .tf-jobs-stack-baza { height: 500px !important; justify-content: center !important; }\r\n    .tf-box-over { \r\n        width: 100% !important; \r\n        padding: 40px 20px !important; \r\n        margin-bottom: 0 !important;\r\n        text-align: center !important; \r\n    }\r\n    .tf-wave-under { height: 80px !important; }\r\n}\r\n<\/style>\t\t<\/div>\n\t\t\t\t<\/div>\n\t\t\t\t\t<\/div>\n\t\t<\/div>\n\t\t\t\t\t\t\t<\/div>\n\t\t<\/section>\n\t\t\t\t<section class=\"elementor-section elementor-top-section elementor-element elementor-element-f8bfe90 elementor-section-boxed elementor-section-height-default elementor-section-height-default\" data-id=\"f8bfe90\" data-element_type=\"section\">\n\t\t\t\t\t\t<div class=\"elementor-container elementor-column-gap-default\">\n\t\t\t\t\t<div class=\"elementor-column elementor-col-100 elementor-top-column elementor-element elementor-element-66a7cfb\" data-id=\"66a7cfb\" data-element_type=\"column\">\n\t\t\t<div class=\"elementor-widget-wrap elementor-element-populated\">\n\t\t\t\t\t\t\t\t<div class=\"elementor-element elementor-element-94e4284 elementor-widget elementor-widget-html\" data-id=\"94e4284\" data-element_type=\"widget\" data-widget_type=\"html.default\">\n\t\t\t\t<div class=\"elementor-widget-container\">\n\t\t\t\r\n<!-- Job post listing -->\r\n<div id=\"traffit-an-list-xtxrxaxfxixtx2x0x1x6x\"><\/div>\r\n<script type=\"application\/javascript\" src=\"https:\/\/talentflow.traffit.com\/public\/an\/generateJs\/\"><\/script>\r\n\t\t<\/div>\n\t\t\t\t<\/div>\n\t\t\t\t\t<\/div>\n\t\t<\/div>\n\t\t\t\t\t\t\t<\/div>\n\t\t<\/section>\n\t\t\t\t\t\t\t<\/div>","protected":false},"excerpt":{"rendered":"<p>Oferty pracy Znajd\u017a dla siebie najlepsz\u0105 ofert\u0119.<\/p>","protected":false},"author":1,"featured_media":0,"parent":0,"menu_order":0,"comment_status":"closed","ping_status":"closed","template":"elementor_header_footer","meta":{"footnotes":""},"class_list":["post-16","page","type-page","status-publish","hentry"],"_links":{"self":[{"href":"https:\/\/talentflow.pl\/en\/wp-json\/wp\/v2\/pages\/16","targetHints":{"allow":["GET"]}}],"collection":[{"href":"https:\/\/talentflow.pl\/en\/wp-json\/wp\/v2\/pages"}],"about":[{"href":"https:\/\/talentflow.pl\/en\/wp-json\/wp\/v2\/types\/page"}],"author":[{"embeddable":true,"href":"https:\/\/talentflow.pl\/en\/wp-json\/wp\/v2\/users\/1"}],"replies":[{"embeddable":true,"href":"https:\/\/talentflow.pl\/en\/wp-json\/wp\/v2\/comments?post=16"}],"version-history":[{"count":22,"href":"https:\/\/talentflow.pl\/en\/wp-json\/wp\/v2\/pages\/16\/revisions"}],"predecessor-version":[{"id":1957,"href":"https:\/\/talentflow.pl\/en\/wp-json\/wp\/v2\/pages\/16\/revisions\/1957"}],"wp:attachment":[{"href":"https:\/\/talentflow.pl\/en\/wp-json\/wp\/v2\/media?parent=16"}],"curies":[{"name":"wp","href":"https:\/\/api.w.org\/{rel}","templated":true}]}}