{"id":18,"date":"2021-08-06T10:31:59","date_gmt":"2021-08-06T08:31:59","guid":{"rendered":"http:\/\/talentflow.pl\/?page_id=18"},"modified":"2026-01-16T13:17:23","modified_gmt":"2026-01-16T12:17:23","slug":"kontakt","status":"publish","type":"page","link":"https:\/\/talentflow.pl\/en\/kontakt\/","title":{"rendered":"Contact"},"content":{"rendered":"<div data-elementor-type=\"wp-page\" data-elementor-id=\"18\" class=\"elementor elementor-18\">\n\t\t\t\t\t\t\t\t\t<section class=\"elementor-section elementor-top-section elementor-element elementor-element-9cd25e4 elementor-section-boxed elementor-section-height-default elementor-section-height-default\" data-id=\"9cd25e4\" data-element_type=\"section\">\n\t\t\t\t\t\t<div class=\"elementor-container elementor-column-gap-default\">\n\t\t\t\t\t<div class=\"elementor-column elementor-col-100 elementor-top-column elementor-element elementor-element-ce32aa5\" data-id=\"ce32aa5\" data-element_type=\"column\">\n\t\t\t<div class=\"elementor-widget-wrap elementor-element-populated\">\n\t\t\t\t\t\t\t\t<div class=\"elementor-element elementor-element-0cca2db elementor-widget elementor-widget-html\" data-id=\"0cca2db\" data-element_type=\"widget\" data-widget_type=\"html.default\">\n\t\t\t\t<div class=\"elementor-widget-container\">\n\t\t\t<div class=\"tf-kandydat-stack\">\r\n    <div class=\"tf-wave-under\">\r\n        <svg viewbox=\"0 0 1200 120\" preserveaspectratio=\"none\">\r\n            <path d=\"M321.39,56.44c58-10.79,114.16-30.13,172-41.86,82.39-16.72,168.19-17.73,250.45-.39C823.78,31,906.67,72,985.66,92.83c70.05,18.48,146.53,26.09,214.34,3V120H0V0C49.1,1.5,103.14,14.7,158,28.08,213.27,41.57,268.16,53.25,321.39,56.44Z\"><\/path>\r\n        <\/svg>\r\n    <\/div>\r\n\r\n    <div class=\"tf-box-over\">\r\n    <h1>Porozmawiajmy<\/h1>\r\n        <p>Od poniedzia\u0142ku do pi\u0105tku (8-16) jeste\u015bmy dla Ciebie.<\/p>\r\n    <\/div>\r\n<\/div>\r\n\r\n<style>\r\n.tf-kandydat-stack {\r\n    position: relative !important;\r\n    width: 100vw !important;\r\n    height: 600px !important;\r\n    left: 50% !important;\r\n    transform: translateX(-50%) !important;\r\n    background-image: url('https:\/\/talentflow.pl\/wp-content\/uploads\/2026\/01\/biuro-koneser-n_19.jpg') !important;\r\n    background-size: cover !important; \r\n    background-position: center !important; \r\n    background-repeat: no-repeat !important;\r\n    overflow: hidden !important;\r\n    display: flex !important;\r\n    justify-content: flex-end !important; \r\n    align-items: flex-end !important;\r\n}\r\n\r\n.tf-wave-under {\r\n    position: absolute !important;\r\n    bottom: -1px !important;\r\n    left: 0 !important;\r\n    width: 100% !important;\r\n    height: 150px !important;\r\n    z-index: 1 !important;\r\n}\r\n\r\n.tf-wave-under svg {\r\n    display: block !important;\r\n    width: 100% !important;\r\n    height: 100% !important;\r\n    fill: #ffffff !important;\r\n}\r\n\r\n.tf-box-over {\r\n    position: relative !important;\r\n    background-color: rgba(38, 70, 63, 0.9) !important;\r\n    color: #ffffff !important;\r\n    padding: 60px 80px !important;\r\n    width: 58% !important;\r\n    max-width: 850px !important;\r\n    z-index: 10 !important; \r\n    font-family: 'Montserrat', sans-serif !important;\r\n    margin-bottom: 30px !important; \r\n    margin-right: 0 !important;\r\n}\r\n\r\n.tf-box-over h1 {\r\n    font-size: 42px !important;\r\n    font-weight: 700 !important;\r\n    margin: 0 0 15px 0 !important;\r\n    line-height: 1.1 !important;\r\n}\r\n\r\n.tf-box-over p {\r\n    font-size: 22px !important;\r\n    font-weight: 300 !important;\r\n    margin: 0 !important;\r\n    line-height: 1.4 !important;\r\n}\r\n\r\n@media (max-width: 768px) {\r\n    .tf-kandydat-stack { height: 500px !important; }\r\n    .tf-box-over { width: 100% !important; text-align: center !important; padding: 40px 20px !important; }\r\n}\r\n<\/style>\t\t<\/div>\n\t\t\t\t<\/div>\n\t\t\t\t\t<\/div>\n\t\t<\/div>\n\t\t\t\t\t\t\t<\/div>\n\t\t<\/section>\n\t\t\t\t<section class=\"elementor-section elementor-top-section elementor-element elementor-element-d152656 elementor-section-boxed elementor-section-height-default elementor-section-height-default\" data-id=\"d152656\" data-element_type=\"section\">\n\t\t\t\t\t\t<div class=\"elementor-container elementor-column-gap-default\">\n\t\t\t\t\t<div class=\"elementor-column elementor-col-100 elementor-top-column elementor-element elementor-element-755f86c\" data-id=\"755f86c\" data-element_type=\"column\">\n\t\t\t<div class=\"elementor-widget-wrap elementor-element-populated\">\n\t\t\t\t\t\t\t\t<div class=\"elementor-element elementor-element-dd8bd9b elementor-widget elementor-widget-html\" data-id=\"dd8bd9b\" data-element_type=\"widget\" data-widget_type=\"html.default\">\n\t\t\t\t<div class=\"elementor-widget-container\">\n\t\t\t<div class=\"tf-final-contact-section\">\r\n    <header class=\"tf-header-top\">\r\n        <h2>Skontaktuj si\u0119 <b>z nami<\/b><\/h2>\r\n        <div class=\"tf-accent-line\"><\/div>\r\n    <\/header>\r\n\r\n    <div class=\"tf-modern-grid\">\r\n        \r\n        <div class=\"tf-person-card\">\r\n            <div class=\"tf-img-box\">\r\n                <img decoding=\"async\" src=\"https:\/\/talentflow.pl\/wp-content\/uploads\/2021\/08\/EOSR3784-scaled.jpg\" style=\"object-position: center 10%;\" alt=\"Anna Kwiatkowska\">\r\n            <\/div>\r\n            <div class=\"tf-content-box\">\r\n                <span class=\"tf-role\">Managing Partner<\/span>\r\n                <h3 class=\"tf-name\">Anna Kwiatkowska<\/h3>\r\n                \r\n                <a href=\"tel: 48668466381\" class=\"tf-main-phone\">+48 668 466 381<\/a>\r\n                \r\n                <div class=\"tf-social-actions\">\r\n                    <a href=\"mailto:anna.kwiatkowska@talentflow.pl\" class=\"tf-action-circle\" title=\"Napisz e-mail\">\r\n                        <svg viewbox=\"0 0 24 24\"><path d=\"M20,4H4C2.89,4 2,4.89 2,6V18A2,2 0 0,0 4,20H20A2,2 0 0,0 22,18V6C22,4.89 21.11,4 20,4M20,8L12,13L4,8V6L12,11L20,6V8Z\"\/><\/svg>\r\n                    <\/a>\r\n                    <a href=\"https:\/\/www.linkedin.com\/in\/anna-kwiatkowska-a848aa133\/\" target=\"_blank\" class=\"tf-action-circle\" title=\"Profil LinkedIn\">\r\n                        <svg viewbox=\"0 0 24 24\"><path d=\"M19,3A2,2 0 0,1 21,5V19A2,2 0 0,1 19,21H5A2,2 0 0,1 3,19V5A2,2 0 0,1 5,3H19M18.5,18.5V13.2A3.26,3.26 0 0,0 15.24,9.94C13.93,9.94 13,10.63 12.59,11.24V10.13H10.13V18.5H12.59V14.34C12.59,13.23 12.8,12.15 14.17,12.15C15.52,12.15 15.54,13.41 15.54,14.41V18.5H18.5M6.75,10.13H9.21V18.5H6.75V10.13M7.98,6.11C7.2,6.11 6.57,6.74 6.57,7.53C6.57,8.32 7.2,8.96 7.98,8.96C8.76,8.96 9.39,8.32 9.39,7.53C9.39,6.74 8.76,6.11 7.98,6.11Z\"\/><\/svg>\r\n                    <\/a>\r\n                <\/div>\r\n            <\/div>\r\n        <\/div>\r\n\r\n        <div class=\"tf-person-card\">\r\n            <div class=\"tf-img-box\">\r\n                <img decoding=\"async\" src=\"https:\/\/talentflow.pl\/wp-content\/uploads\/2021\/08\/EOSR3534-scaled.jpg\" style=\"object-position: center 10%;\" alt=\"Alicja Krzyn\u00f3wek\">\r\n            <\/div>\r\n            <div class=\"tf-content-box\">\r\n                <span class=\"tf-role\">Managing Consultant<\/span>\r\n                <h3 class=\"tf-name\">Alicja Krzyn\u00f3wek<\/h3>\r\n                \r\n                <a href=\"tel: 48737323070\" class=\"tf-main-phone\">+48 737 323 070<\/a>\r\n                \r\n                <div class=\"tf-social-actions\">\r\n                    <a href=\"mailto:alicja.krzynowek@talentflow.pl\" class=\"tf-action-circle\" title=\"Napisz e-mail\">\r\n                        <svg viewbox=\"0 0 24 24\"><path d=\"M20,4H4C2.89,4 2,4.89 2,6V18A2,2 0 0,0 4,20H20A2,2 0 0,0 22,18V6C22,4.89 21.11,4 20,4M20,8L12,13L4,8V6L12,11L20,6V8Z\"\/><\/svg>\r\n                    <\/a>\r\n                    <a href=\"https:\/\/www.linkedin.com\/in\/alicjakrzynowek\/\" target=\"_blank\" class=\"tf-action-circle\" title=\"Profil LinkedIn\">\r\n                        <svg viewbox=\"0 0 24 24\"><path d=\"M19,3A2,2 0 0,1 21,5V19A2,2 0 0,1 19,21H5A2,2 0 0,1 3,19V5A2,2 0 0,1 5,3H19M18.5,18.5V13.2A3.26,3.26 0 0,0 15.24,9.94C13.93,9.94 13,10.63 12.59,11.24V10.13H10.13V18.5H12.59V14.34C12.59,13.23 12.8,12.15 14.17,12.15C15.52,12.15 15.54,13.41 15.54,14.41V18.5H18.5M6.75,10.13H9.21V18.5H6.75V10.13M7.98,6.11C7.2,6.11 6.57,6.74 6.57,7.53C6.57,8.32 7.2,8.96 7.98,8.96C8.76,8.96 9.39,8.32 9.39,7.53C9.39,6.74 8.76,6.11 7.98,6.11Z\"\/><\/svg>\r\n                    <\/a>\r\n                <\/div>\r\n            <\/div>\r\n        <\/div>\r\n    <\/div>\r\n<\/div>\r\n\r\n<style>\r\n    \/* BAZA SEKCIJI *\/\r\n    .tf-final-contact-section { \r\n        max-width: 1200px; \r\n        margin: 80px auto; \r\n        padding: 0 20px; \r\n        font-family: 'Montserrat', sans-serif; \r\n    }\r\n\r\n    \/* NAG\u0141\u00d3WEK - wyr\u00f3wnany do lewej *\/\r\n    .tf-header-top { text-align: left; margin-bottom: 60px; }\r\n    .tf-header-top h2 { font-size: 38px; font-weight: 300; text-transform: uppercase; letter-spacing: 2px; color: #0a1128; margin: 0; }\r\n    .tf-header-top h2 b { color: #26463f; font-weight: 800; }\r\n    .tf-accent-line { margin-top: 15px; width: 80px; height: 3px; background: #6DB52F; border-radius: 2px; }\r\n\r\n    \/* GRID KART - wycentrowany *\/\r\n    .tf-modern-grid { \r\n        display: flex; \r\n        gap: 40px; \r\n        justify-content: center; \/* To centruje karty wzgl\u0119dem szeroko\u015bci 1200px *\/\r\n        flex-wrap: wrap; \r\n    }\r\n\r\n    \/* KARTA *\/\r\n    .tf-person-card { \r\n        flex: 0 1 420px; \/* Sta\u0142a szeroko\u015b\u0107 karty, by si\u0119 nie rozci\u0105ga\u0142a *\/\r\n        background: #fff; \r\n        border-radius: 15px; \r\n        overflow: hidden; \r\n        border: 1px solid #f0f0f0; \r\n        transition: all 0.4s ease; \r\n    }\r\n    .tf-person-card:hover { transform: translateY(-10px); box-shadow: 0 30px 60px rgba(0,0,0,0.06); border-color: #6DB52F; }\r\n\r\n    \/* ZDJ\u0118CIE *\/\r\n    .tf-img-box { width: 100%; height: 420px; overflow: hidden; }\r\n    .tf-img-box img { width: 100%; height: 100%; object-fit: cover; transition: transform 0.6s ease; }\r\n    .tf-person-card:hover .tf-img-box img { transform: scale(1.05); }\r\n\r\n    \/* TRE\u015a\u0106 *\/\r\n    .tf-content-box { padding: 35px 25px; text-align: center; }\r\n    .tf-role { font-size: 11px; color: #6DB52F; font-weight: 700; text-transform: uppercase; letter-spacing: 2px; display: block; margin-bottom: 10px; }\r\n    .tf-name { font-size: 24px; color: #26463f; margin: 0 0 15px 0; font-weight: 800; text-transform: uppercase; }\r\n\r\n    .tf-main-phone { font-size: 16px; color: #555; text-decoration: none !important; font-weight: 500; display: inline-block; margin-bottom: 25px; }\r\n\r\n    \/* IKONY *\/\r\n    .tf-social-actions { display: flex; justify-content: center; gap: 20px; border-top: 1px solid #f5f5f5; padding-top: 25px; }\r\n    .tf-action-circle { width: 45px; height: 45px; background: #f9fbfc; border-radius: 50%; display: flex; align-items: center; justify-content: center; transition: all 0.3s ease; border: 1px solid #eee; }\r\n    .tf-action-circle svg { width: 20px; height: 20px; fill: #26463f; }\r\n    .tf-action-circle:hover { background: #26463f; border-color: #26463f; transform: scale(1.1); }\r\n    .tf-action-circle:hover svg { fill: #fff; }\r\n\r\n    @media (max-width: 900px) {\r\n        .tf-modern-grid { flex-direction: column; align-items: center; }\r\n        .tf-person-card { width: 100%; }\r\n    }\r\n<\/style>\t\t<\/div>\n\t\t\t\t<\/div>\n\t\t\t\t\t<\/div>\n\t\t<\/div>\n\t\t\t\t\t\t\t<\/div>\n\t\t<\/section>\n\t\t\t\t<section class=\"elementor-section elementor-top-section elementor-element elementor-element-bab0c4c elementor-section-boxed elementor-section-height-default elementor-section-height-default\" data-id=\"bab0c4c\" data-element_type=\"section\">\n\t\t\t\t\t\t<div class=\"elementor-container elementor-column-gap-default\">\n\t\t\t\t\t<div class=\"elementor-column elementor-col-100 elementor-top-column elementor-element elementor-element-1392269\" data-id=\"1392269\" data-element_type=\"column\">\n\t\t\t<div class=\"elementor-widget-wrap elementor-element-populated\">\n\t\t\t\t\t\t\t\t<div class=\"elementor-element elementor-element-055810b elementor-widget elementor-widget-html\" data-id=\"055810b\" data-element_type=\"widget\" data-widget_type=\"html.default\">\n\t\t\t\t<div class=\"elementor-widget-container\">\n\t\t\t<div class=\"tf-modern-wrapper\">\r\n    <div class=\"tf-main-card\">\r\n        \r\n        <div class=\"tf-info-pane\">\r\n            <div class=\"tf-info-header\">\r\n                <h3>Informacje <b>kontaktowe<\/b><\/h3>\r\n                <div class=\"tf-accent-line\"><\/div>\r\n            <\/div>\r\n\r\n            <div class=\"tf-data-stack\">\r\n                <div class=\"tf-entry\">\r\n                    <div class=\"tf-icon-circle\">\r\n                        <svg viewbox=\"0 0 24 24\" width=\"24\" height=\"24\"><path d=\"M12 2C8.13 2 5 5.13 5 9c0 5.25 7 13 7 13s7-7.75 7-13c0-3.87-3.13-7-7-7zm0 9.5c-1.38 0-2.5-1.12-2.5-2.5s1.12-2.5 2.5-2.5 2.5 1.12 2.5 2.5-1.12 2.5-2.5 2.5z\"\/><\/svg>\r\n                    <\/div>\r\n                    <div class=\"tf-text\">\r\n                        <span>Lokalizacja<\/span>\r\n                        <p>Centrum Praskie Koneser<br>Plac Konesera 12, 03-736 Warszawa<\/p>\r\n                    <\/div>\r\n                <\/div>\r\n\r\n                <div class=\"tf-entry\">\r\n                    <div class=\"tf-icon-circle\">\r\n                        <svg viewbox=\"0 0 24 24\" width=\"24\" height=\"24\"><path d=\"M20 4H4c-1.1 0-1.99.9-1.99 2L2 18c0 1.1.9 2 2 2h16c1.1 0 2-.9 2-2V6c0-1.1-.9-2-2-2zm0 4l-8 5-8-5V6l8 5 8-5v2z\"\/><\/svg>\r\n                    <\/div>\r\n                    <div class=\"tf-text\">\r\n                        <span>Kontakt bezpo\u015bredni<\/span>\r\n                        <p><a href=\"mailto:biuro@talentflow.pl\">biuro@talentflow.pl<\/a><\/p>\r\n                        <p><a href=\"tel: 48668466381\" class=\"tf-link-bold\">+48 668 466 381<\/a><\/p>\r\n                    <\/div>\r\n                <\/div>\r\n\r\n                <div class=\"tf-entry\">\r\n                    <div class=\"tf-icon-circle\">\r\n                        <svg viewbox=\"0 0 24 24\" width=\"24\" height=\"24\"><path d=\"M19 3H5c-1.1 0-2 .9-2 2v14c0 1.1.9 2 2 2h14c1.1 0 2-.9 2-2V5c0-1.1-.9-2-2-2zm-5 14H7v-2h7v2zm3-4H7v-2h10v2zm0-4H7V7h10v2z\"\/><\/svg>\r\n                    <\/div>\r\n                    <div class=\"tf-text\">\r\n                        <span>Dane rejestrowe<\/span>\r\n                        <p>Talent Flow Sp. z o.o.<br>NIP: 1133039177 | KRS: 0000917408<\/p>\r\n                    <\/div>\r\n                <\/div>\r\n            <\/div>\r\n        <\/div>\r\n\r\n        <a href=\"https:\/\/www.google.com\/maps\/dir\/\/Centrum+Praskie+Koneser,+Plac+Konesera+12,+03-736+Warszawa\" target=\"_blank\" class=\"tf-map-pane\" style=\"display: block; text-decoration: none;\">\r\n            <div class=\"tf-map-image-overlay\">\r\n                <span>Kliknij, aby otworzy\u0107 w Google Maps<\/span>\r\n            <\/div>\r\n            <img decoding=\"async\" src=\"https:\/\/talentflow.pl\/wp-content\/uploads\/2026\/01\/Bez-tytulu1.png\" alt=\"Mapa Talent Flow Koneser\" style=\"width:100%; height:100%; object-fit:cover; display:block;\">\r\n            <div class=\"tf-map-btn\">Wyznacz tras\u0119<\/div>\r\n        <\/a>\r\n    <\/div>\r\n<\/div>\r\n\r\n<style>\r\n    @import url('https:\/\/fonts.googleapis.com\/css2?family=Montserrat:wght@300;600;700;800&display=swap');\r\n\r\n    .tf-modern-wrapper { width: 100%; padding: 60px 0; background: #fcfcfc; font-family: 'Montserrat', sans-serif; }\r\n    .tf-main-card { max-width: 1200px; margin: 0 auto; display: flex; background: #fff; border-radius: 24px; box-shadow: 0 40px 100px rgba(0,0,0,0.06); overflow: hidden; border: 1px solid #f1f1f1; }\r\n    \r\n    .tf-info-pane { flex: 1; padding: 60px 80px; display: flex; flex-direction: column; justify-content: center; min-width: 450px; }\r\n    .tf-info-header h3 { font-size: 28px; color: #26463f; font-weight: 300; margin: 0; text-transform: uppercase; letter-spacing: 1px; }\r\n    .tf-info-header h3 b { font-weight: 800; }\r\n    .tf-accent-line { width: 50px; height: 4px; background: #6DB52F; margin-top: 15px; border-radius: 2px; }\r\n\r\n    .tf-data-stack { display: flex; flex-direction: column; gap: 35px; margin-top: 40px; }\r\n    .tf-entry { display: flex; align-items: flex-start; gap: 20px; }\r\n    .tf-icon-circle { min-width: 54px; height: 54px; background: #f8faf9; border-radius: 16px; display: flex; align-items: center; justify-content: center; transition: 0.3s; }\r\n    .tf-icon-circle svg { fill: #26463f; }\r\n    .tf-entry:hover .tf-icon-circle { background: #26463f; }\r\n    .tf-entry:hover .tf-icon-circle svg { fill: #fff; }\r\n\r\n    .tf-text span { display: block; font-size: 11px; text-transform: uppercase; color: #6DB52F; font-weight: 700; letter-spacing: 2px; margin-bottom: 5px; }\r\n    .tf-text p, .tf-text a { font-size: 15px; color: #444; line-height: 1.6; margin: 0; text-decoration: none; }\r\n    .tf-link-bold { font-weight: 700; color: #26463f !important; font-size: 17px !important; }\r\n\r\n    \/* MAP PANE *\/\r\n    .tf-map-pane { flex: 1.1; position: relative; min-height: 550px; overflow: hidden; cursor: pointer; }\r\n    .tf-map-image-overlay {\r\n        position: absolute; top: 0; left: 0; right: 0; bottom: 0;\r\n        background: rgba(38, 70, 63, 0.3);\r\n        display: flex; align-items: center; justify-content: center;\r\n        opacity: 0; transition: 0.4s; z-index: 2;\r\n    }\r\n    .tf-map-image-overlay span { color: #fff; font-weight: 600; font-size: 14px; border: 1px solid #fff; padding: 10px 24px; border-radius: 30px; background: rgba(0,0,0,0.2); }\r\n    .tf-map-pane:hover .tf-map-image-overlay { opacity: 1; }\r\n    \r\n    .tf-map-btn {\r\n        position: absolute; bottom: 30px; right: 30px;\r\n        background: #26463f; color: #fff; padding: 14px 24px;\r\n        border-radius: 10px; font-size: 13px; font-weight: 600;\r\n        z-index: 10; box-shadow: 0 10px 20px rgba(0,0,0,0.2); transition: 0.3s;\r\n    }\r\n    .tf-map-pane:hover .tf-map-btn { background: #6DB52F; transform: translateY(-3px); }\r\n\r\n    @media (max-width: 900px) {\r\n        .tf-main-card { flex-direction: column; margin: 0 15px; }\r\n        .tf-map-pane { min-height: 350px; order: 1; }\r\n        .tf-info-pane { padding: 40px; order: 2; min-width: auto; }\r\n    }\r\n<\/style>\t\t<\/div>\n\t\t\t\t<\/div>\n\t\t\t\t\t<\/div>\n\t\t<\/div>\n\t\t\t\t\t\t\t<\/div>\n\t\t<\/section>\n\t\t\t\t\t\t\t<\/div>","protected":false},"excerpt":{"rendered":"<p>Porozmawiajmy Od poniedzia\u0142ku do pi\u0105tku (8-16) jeste\u015bmy dla Ciebie. Skontaktuj si\u0119 z nami Managing Partner Anna Kwiatkowska +48 668 466 381 Managing Consultant Alicja Krzyn\u00f3wek +48 737 323 070 Informacje kontaktowe Lokalizacja Centrum Praskie KoneserPlac Konesera 12, 03-736 Warszawa Kontakt bezpo\u015bredni biuro@talentflow.pl +48 668 466 381 Dane rejestrowe Talent Flow Sp. z o.o.NIP: 1133039177 | [&hellip;]<\/p>","protected":false},"author":1,"featured_media":0,"parent":0,"menu_order":0,"comment_status":"closed","ping_status":"closed","template":"elementor_header_footer","meta":{"footnotes":""},"class_list":["post-18","page","type-page","status-publish","hentry"],"_links":{"self":[{"href":"https:\/\/talentflow.pl\/en\/wp-json\/wp\/v2\/pages\/18","targetHints":{"allow":["GET"]}}],"collection":[{"href":"https:\/\/talentflow.pl\/en\/wp-json\/wp\/v2\/pages"}],"about":[{"href":"https:\/\/talentflow.pl\/en\/wp-json\/wp\/v2\/types\/page"}],"author":[{"embeddable":true,"href":"https:\/\/talentflow.pl\/en\/wp-json\/wp\/v2\/users\/1"}],"replies":[{"embeddable":true,"href":"https:\/\/talentflow.pl\/en\/wp-json\/wp\/v2\/comments?post=18"}],"version-history":[{"count":106,"href":"https:\/\/talentflow.pl\/en\/wp-json\/wp\/v2\/pages\/18\/revisions"}],"predecessor-version":[{"id":2064,"href":"https:\/\/talentflow.pl\/en\/wp-json\/wp\/v2\/pages\/18\/revisions\/2064"}],"wp:attachment":[{"href":"https:\/\/talentflow.pl\/en\/wp-json\/wp\/v2\/media?parent=18"}],"curies":[{"name":"wp","href":"https:\/\/api.w.org\/{rel}","templated":true}]}}