{"id":22,"date":"2021-08-06T10:32:59","date_gmt":"2021-08-06T08:32:59","guid":{"rendered":"http:\/\/talentflow.pl\/?page_id=22"},"modified":"2021-09-08T17:53:30","modified_gmt":"2021-09-08T15:53:30","slug":"kalkulator","status":"publish","type":"page","link":"https:\/\/talentflow.pl\/en\/kalkulator\/","title":{"rendered":"Kalkulator"},"content":{"rendered":"<div data-elementor-type=\"wp-page\" data-elementor-id=\"22\" class=\"elementor elementor-22\">\n\t\t\t\t\t\t\t\t\t<section class=\"elementor-section elementor-top-section elementor-element elementor-element-350c03f elementor-section-boxed elementor-section-height-default elementor-section-height-default\" data-id=\"350c03f\" data-element_type=\"section\">\n\t\t\t\t\t\t<div class=\"elementor-container elementor-column-gap-default\">\n\t\t\t\t\t<div class=\"elementor-column elementor-col-100 elementor-top-column elementor-element elementor-element-9cc1c00\" data-id=\"9cc1c00\" data-element_type=\"column\">\n\t\t\t<div class=\"elementor-widget-wrap elementor-element-populated\">\n\t\t\t\t\t\t\t\t<div class=\"elementor-element elementor-element-6541472 elementor-widget elementor-widget-heading\" data-id=\"6541472\" data-element_type=\"widget\" data-widget_type=\"heading.default\">\n\t\t\t\t<div class=\"elementor-widget-container\">\n\t\t\t<style>\/*! elementor - v3.15.0 - 02-08-2023 *\/\n.elementor-heading-title{padding:0;margin:0;line-height:1}.elementor-widget-heading .elementor-heading-title[class*=elementor-size-]>a{color:inherit;font-size:inherit;line-height:inherit}.elementor-widget-heading .elementor-heading-title.elementor-size-small{font-size:15px}.elementor-widget-heading .elementor-heading-title.elementor-size-medium{font-size:19px}.elementor-widget-heading .elementor-heading-title.elementor-size-large{font-size:29px}.elementor-widget-heading .elementor-heading-title.elementor-size-xl{font-size:39px}.elementor-widget-heading .elementor-heading-title.elementor-size-xxl{font-size:59px}<\/style><h2 class=\"elementor-heading-title elementor-size-default\">KOMENTARZ<\/h2>\t\t<\/div>\n\t\t\t\t<\/div>\n\t\t\t\t\t<\/div>\n\t\t<\/div>\n\t\t\t\t\t\t\t<\/div>\n\t\t<\/section>\n\t\t\t\t<section class=\"elementor-section elementor-top-section elementor-element elementor-element-2a909b9 elementor-section-boxed elementor-section-height-default elementor-section-height-default\" data-id=\"2a909b9\" data-element_type=\"section\">\n\t\t\t\t\t\t<div class=\"elementor-container elementor-column-gap-default\">\n\t\t\t\t\t<div class=\"elementor-column elementor-col-100 elementor-top-column elementor-element elementor-element-8576c97\" data-id=\"8576c97\" data-element_type=\"column\">\n\t\t\t<div class=\"elementor-widget-wrap elementor-element-populated\">\n\t\t\t\t\t\t\t\t<div class=\"elementor-element elementor-element-22828a3 elementor-widget elementor-widget-text-editor\" data-id=\"22828a3\" data-element_type=\"widget\" data-widget_type=\"text-editor.default\">\n\t\t\t\t<div class=\"elementor-widget-container\">\n\t\t\t<style>\/*! elementor - v3.15.0 - 02-08-2023 *\/\n.elementor-widget-text-editor.elementor-drop-cap-view-stacked .elementor-drop-cap{background-color:#69727d;color:#fff}.elementor-widget-text-editor.elementor-drop-cap-view-framed .elementor-drop-cap{color:#69727d;border:3px solid;background-color:transparent}.elementor-widget-text-editor:not(.elementor-drop-cap-view-default) .elementor-drop-cap{margin-top:8px}.elementor-widget-text-editor:not(.elementor-drop-cap-view-default) .elementor-drop-cap-letter{width:1em;height:1em}.elementor-widget-text-editor .elementor-drop-cap{float:left;text-align:center;line-height:1;font-size:50px}.elementor-widget-text-editor .elementor-drop-cap-letter{display:inline-block}<\/style>\t\t\t\t<p><span style=\"font-size: 12pt; line-height: 107%; font-family: 'Open Sans', sans-serif; color: #2c2c2c; background-image: initial; background-position: initial; background-size: initial; background-repeat: initial; background-attachment: initial; background-origin: initial; background-clip: initial;\">Niniejszy kalkulator spe\u0142nia rol\u0119 jedynie informacyjn\u0105 i pogl\u0105dow\u0105. Za punkt wyj\u015bciowy do oblicze\u0144, przyj\u0119ta zosta\u0142a aktualnie obowi\u0105zuj\u0105ca p\u0142aca minimalna, kt\u00f3ra od 1.01.2021 wynosi 2800 z\u0142 brutto. Podane wyliczenia nie mog\u0105 stanowi\u0107 podstawy do naliczania wynagrodze\u0144. Twoje finalne wynagrodzenie mo\u017ce r\u00f3\u017cni\u0107 si\u0119 od danych przedstawionych w niniejszym kalkulatorze, determinuje to szereg indywidualnych zmiennych, kt\u00f3re wska\u017cesz wype\u0142niaj\u0105c dokumenty kadrowe u swojego Pracodawcy.<\/span><\/p>\n<p><span style=\"font-size: 12pt; line-height: 107%; font-family: 'Open Sans', sans-serif; color: #2c2c2c; background-image: initial; background-position: initial; background-size: initial; background-repeat: initial; background-attachment: initial; background-origin: initial; background-clip: initial;\">Wyliczenia dla dzia\u0142alno\u015bci gospodarczej nie uwzgl\u0119dniaj\u0105 podatku VAT. Je\u015bli jeste\u015b czynnym podatnikiem VAT, pami\u0119taj, \u017ce musisz uwzgl\u0119dni\u0107 stawki zgodne z rodzajem dzia\u0142alno\u015bci, kt\u00f3r\u0105 prowadzisz.&nbsp;<\/span><\/p>\t\t\t\t\t\t<\/div>\n\t\t\t\t<\/div>\n\t\t\t\t\t<\/div>\n\t\t<\/div>\n\t\t\t\t\t\t\t<\/div>\n\t\t<\/section>\n\t\t\t\t\t\t\t<\/div>","protected":false},"excerpt":{"rendered":"<p>KOMENTARZ Niniejszy kalkulator spe\u0142nia rol\u0119 jedynie informacyjn\u0105 i pogl\u0105dow\u0105. Za punkt wyj\u015bciowy do oblicze\u0144, przyj\u0119ta zosta\u0142a aktualnie obowi\u0105zuj\u0105ca p\u0142aca minimalna, kt\u00f3ra od 1.01.2021 wynosi 2800 z\u0142 brutto. Podane wyliczenia nie mog\u0105 stanowi\u0107 podstawy do naliczania wynagrodze\u0144. Twoje finalne wynagrodzenie mo\u017ce r\u00f3\u017cni\u0107 si\u0119 od danych przedstawionych w niniejszym kalkulatorze, determinuje to szereg indywidualnych zmiennych, kt\u00f3re wska\u017cesz [&hellip;]<\/p>","protected":false},"author":1,"featured_media":0,"parent":0,"menu_order":0,"comment_status":"closed","ping_status":"closed","template":"","meta":{"footnotes":""},"class_list":["post-22","page","type-page","status-publish","hentry"],"_links":{"self":[{"href":"https:\/\/talentflow.pl\/en\/wp-json\/wp\/v2\/pages\/22","targetHints":{"allow":["GET"]}}],"collection":[{"href":"https:\/\/talentflow.pl\/en\/wp-json\/wp\/v2\/pages"}],"about":[{"href":"https:\/\/talentflow.pl\/en\/wp-json\/wp\/v2\/types\/page"}],"author":[{"embeddable":true,"href":"https:\/\/talentflow.pl\/en\/wp-json\/wp\/v2\/users\/1"}],"replies":[{"embeddable":true,"href":"https:\/\/talentflow.pl\/en\/wp-json\/wp\/v2\/comments?post=22"}],"version-history":[{"count":31,"href":"https:\/\/talentflow.pl\/en\/wp-json\/wp\/v2\/pages\/22\/revisions"}],"predecessor-version":[{"id":830,"href":"https:\/\/talentflow.pl\/en\/wp-json\/wp\/v2\/pages\/22\/revisions\/830"}],"wp:attachment":[{"href":"https:\/\/talentflow.pl\/en\/wp-json\/wp\/v2\/media?parent=22"}],"curies":[{"name":"wp","href":"https:\/\/api.w.org\/{rel}","templated":true}]}}